{"id":1069,"date":"2012-01-09T12:00:03","date_gmt":"2012-01-09T10:00:03","guid":{"rendered":"http:\/\/arbarcelona.es\/?page_id=1069"},"modified":"2024-10-31T21:03:52","modified_gmt":"2024-10-31T19:03:52","slug":"servicios-adicionales","status":"publish","type":"page","link":"https:\/\/arbarcelona.es\/?page_id=1069&amp;lang=es","title":{"rendered":"Servicios adicionales"},"content":{"rendered":"<h3>Colecciones<\/h3>\n<div style=\"height:75px;\"><img loading=\"lazy\" src=\"wp-content\/uploads\/servicios\/colecciones.png\" alt=\"\" width=\"100\" height=\"75\" hspace=\"5\" align=\"left\" \/>Ponemos a su disposici\u00f3n una amplia selecci\u00f3n de cristaler\u00eda, cuberter\u00eda, manteler\u00eda, vajilla y todos los utensilios de cocina que pueda necesitar durante su estancia.<\/div>\n<h3>Detalles<\/h3>\n<div style=\"height:75px;\"><img loading=\"lazy\" src=\"wp-content\/uploads\/servicios\/detalles.png\" alt=\"\" width=\"100\" height=\"75\" hspace=\"5\" align=\"left\" \/>A su llegada encontrar\u00e1 una cesta de bienvenida con productos b\u00e1sicos como agua, aceite, sal, caf\u00e9, t\u00e9, etc. Tambi\u00e9n cafetera, tostadora, tetera, exprimidor de zumos, secador de pelo y plancha.<\/div>\n<h3>Para los m\u00e1s peque\u00f1os<\/h3>\n<div style=\"height:75px;\"><img loading=\"lazy\" src=\"wp-content\/uploads\/servicios\/peques.png\" alt=\"\" width=\"100\" height=\"75\" hspace=\"5\" align=\"left\" \/>Y para los m\u00e1s peque\u00f1os de la casa le ofrecemos: cuna, trona, ba\u00f1era, cochecito, cambiadores y servicio de canguro a domicilio.<\/div>\n<h3>Nuestros Vinos<\/h3>\n<div style=\"height:75px;\"><img loading=\"lazy\" src=\"wp-content\/uploads\/servicios\/vino.png\" alt=\"\" width=\"100\" height=\"75\" hspace=\"5\" align=\"left\" \/>Una colecci\u00f3n de vinos nacionales ha sido seleccionada para que disfrute de ella durante su estancia  (precios seg\u00fan consumo).<\/div>\n<h3>Como en casa<\/h3>\n<div style=\"height:75px;\"><img loading=\"lazy\" src=\"wp-content\/uploads\/servicios\/comoencasa.png\" alt=\"\" width=\"100\" height=\"75\" hspace=\"5\" align=\"left\" \/>Le presentamos una amplia variedad de servicios para que se sienta como en casa como por ejemplo la compra a domicilio, catering, servicio de lavander\u00eda y tintorer\u00eda.  Usted puede reservar previamente a su llegada diferentes tipos de cestas para facilitar todav\u00eda m\u00e1s su estancia en nuestros apartamentos.<\/div>\n<h3>Textil<\/h3>\n<div style=\"height:75px;\"><img loading=\"lazy\" src=\"wp-content\/uploads\/servicios\/textil.png\" alt=\"\" width=\"100\" height=\"75\" hspace=\"5\" align=\"left\" \/>Hemos elegido la lencer\u00eda de nuestras habitaciones con todo el cari\u00f1o y detalle, s\u00e1banas de algod\u00f3n egipcio, edredones n\u00f3rdicos y almohadas ambos de plumas,  toallas de elevado gramaje.<br \/> Ofrecemos servicio adicional de limpieza y de reposici\u00f3n de lencer\u00eda durante su estancia.<\/div>\n<h3>Equipamiento<\/h3>\n<div style=\"height:75px;\"><img loading=\"lazy\" src=\"wp-content\/uploads\/servicios\/equipamiento.png\" alt=\"\" width=\"100\" height=\"75\" hspace=\"5\" align=\"left\" \/>Conexi\u00f3n a Internet a trav\u00e9s de l\u00ednea de alta velocidad y en algunos de ellos inal\u00e1mbrica, televisor, aire acondicionado y calefacci\u00f3n.<\/div>\n<h3>Conserjer\u00eda 24 h<\/h3>\n<div style=\"height:250px;\"><img loading=\"lazy\" src=\"wp-content\/uploads\/servicios\/conserjeria.png\" alt=\"\" width=\"100\" height=\"75\" hspace=\"5\" align=\"left\" \/><\/p>\n<ul>\n&#8211; Reserva de restaurantes.<br \/>\n&#8211; Entradas para espect\u00e1culos.<br \/>\n&#8211; Encargo de flores antes de su llegada o durante su estancia.<br \/>\n&#8211; Int\u00e9rprete.<br \/>\n&#8211; Alquiler de coche, moto, bicicleta o velero.<br \/>\n&#8211; Alquiler material m\u00e9dico, sillas de ruedas, camas articuladas, enfermeras y ATS.<br \/>\n&#8211; Servicio conductor, recogidas y acompa\u00f1amientos al aeropuerto.<br \/>\n&#8211; Excursiones guiadas en la ciudad y alrededores.<br \/>\n&#8211; Peluquer\u00eda.<br \/>\n&#8211; Servicio de guarda equipajes.<br \/>\n&#8211; Cursos de espa\u00f1ol.\n<\/ul>\n<\/div>\n","protected":false},"excerpt":{"rendered":"<p>Colecciones Ponemos a su disposici\u00f3n una amplia selecci\u00f3n de cristaler\u00eda, cuberter\u00eda, manteler\u00eda, vajilla y todos los utensilios de cocina que pueda necesitar durante su estancia. Detalles A su llegada encontrar\u00e1 una cesta de bienvenida con productos b\u00e1sicos como agua, aceite, sal, caf\u00e9, t\u00e9, etc. Tambi\u00e9n cafetera, tostadora, tetera, exprimidor de zumos, secador de pelo y [&hellip;]<\/p>\n","protected":false},"author":1,"featured_media":0,"parent":0,"menu_order":0,"comment_status":"open","ping_status":"closed","template":"","meta":{"_monsterinsights_skip_tracking":false,"_monsterinsights_sitenote_active":false,"_monsterinsights_sitenote_note":"","_monsterinsights_sitenote_category":0},"_links":{"self":[{"href":"https:\/\/arbarcelona.es\/index.php?rest_route=\/wp\/v2\/pages\/1069"}],"collection":[{"href":"https:\/\/arbarcelona.es\/index.php?rest_route=\/wp\/v2\/pages"}],"about":[{"href":"https:\/\/arbarcelona.es\/index.php?rest_route=\/wp\/v2\/types\/page"}],"author":[{"embeddable":true,"href":"https:\/\/arbarcelona.es\/index.php?rest_route=\/wp\/v2\/users\/1"}],"replies":[{"embeddable":true,"href":"https:\/\/arbarcelona.es\/index.php?rest_route=%2Fwp%2Fv2%2Fcomments&post=1069"}],"version-history":[{"count":21,"href":"https:\/\/arbarcelona.es\/index.php?rest_route=\/wp\/v2\/pages\/1069\/revisions"}],"predecessor-version":[{"id":2148,"href":"https:\/\/arbarcelona.es\/index.php?rest_route=\/wp\/v2\/pages\/1069\/revisions\/2148"}],"wp:attachment":[{"href":"https:\/\/arbarcelona.es\/index.php?rest_route=%2Fwp%2Fv2%2Fmedia&parent=1069"}],"curies":[{"name":"wp","href":"https:\/\/api.w.org\/{rel}","templated":true}]}}