{"id":1722,"date":"2015-08-03T17:02:25","date_gmt":"2015-08-03T15:02:25","guid":{"rendered":"http:\/\/arbarcelona.es\/?page_id=1722"},"modified":"2019-09-26T09:18:14","modified_gmt":"2019-09-26T07:18:14","slug":"londres-nuevo-a-estrenar-en-francesc-macia","status":"publish","type":"page","link":"https:\/\/arbarcelona.es\/?page_id=1722&amp;lang=es","title":{"rendered":"Londres &#8211; Nuevo a estrenar en Francesc Maci\u00e0"},"content":{"rendered":"<div id=\"columnadreta\">\n<div id=\"contingut2\">\n<div>\n<ul id=\"galeria\">\n<li class=\"main\"><img loading=\"lazy\" src=\"wp-content\/uploads\/2015\/07\/londres\/008.jpg\" border=\"0\" alt=\"\" width=\"495\" height=\"355\" name=\"mainpic\" \/><\/li>\n<li><a href=\"javascript:doPic('wp-content\/uploads\/2015\/07\/londres\/001.jpg');\"><img loading=\"lazy\" src=\"wp-content\/uploads\/2015\/07\/londres\/001.jpg\" border=\"0\" alt=\"\" width=\"100\" height=\"75\" \/><\/a><\/li>\n<li><a href=\"javascript:doPic('wp-content\/uploads\/2015\/07\/londres\/002.jpg');\"><img loading=\"lazy\" src=\"wp-content\/uploads\/2015\/07\/londres\/002.jpg\" border=\"0\" alt=\"\" width=\"100\" height=\"75\" \/><\/a><\/li>\n<li><a href=\"javascript:doPic('wp-content\/uploads\/2015\/07\/londres\/003.jpg');\"><img loading=\"lazy\" src=\"wp-content\/uploads\/2015\/07\/londres\/003.jpg\" border=\"0\" alt=\"\" width=\"100\" height=\"75\" \/><\/a><\/li>\n<li><a href=\"javascript:doPic('wp-content\/uploads\/2015\/07\/londres\/004.jpg');\"><img loading=\"lazy\" src=\"wp-content\/uploads\/2015\/07\/londres\/004.jpg\" border=\"0\" alt=\"\" width=\"100\" height=\"75\" \/><\/a><\/li>\n<li><a href=\"javascript:doPic('wp-content\/uploads\/2015\/07\/londres\/005.jpg');\"><img loading=\"lazy\" src=\"wp-content\/uploads\/2015\/07\/londres\/005.jpg\" border=\"0\" alt=\"\" width=\"100\" height=\"75\" \/><\/a><\/li>\n<li><a href=\"javascript:doPic('wp-content\/uploads\/2015\/07\/londres\/006.jpg');\"><img loading=\"lazy\" src=\"wp-content\/uploads\/2015\/07\/londres\/006.jpg\" border=\"0\" alt=\"\" width=\"100\" height=\"75\" \/><\/a><\/li>\n<li><a href=\"javascript:doPic('wp-content\/uploads\/2015\/07\/londres\/007.jpg');\"><img loading=\"lazy\" src=\"wp-content\/uploads\/2015\/07\/londres\/007.jpg\" border=\"0\" alt=\"\" width=\"100\" height=\"75\" \/><\/a><\/li>\n<li><a href=\"javascript:doPic('wp-content\/uploads\/2015\/07\/londres\/008.jpg');\"><img loading=\"lazy\" src=\"wp-content\/uploads\/2015\/07\/londres\/008.jpg\" border=\"0\" alt=\"\" width=\"100\" height=\"75\" \/><\/a><\/li>\n<\/ul>\n<\/div>\n<h3>Descripci\u00f3n<\/h3>\n<p>Piso con mucho encanto, luminoso, alegre y completamente renovado de 68m2. Nuevo a estrenar con las mejores calidades Dispone de dos habitaciones dobles una de ellas en suite. Uno de los ba\u00f1os dispone de ducha y el otro de ba\u00f1era (ambos con luz exterior). Cocina abierta y luminoso sal\u00f3n comedor. Suelos de parquet y cocina con baldosas hidr\u00e1ulicas, calefacci\u00f3n de gas y aire acondicionado. Totalmente equipado con lavadora, secadora, lavavajillas, horno y todos los utensilios necesarios. Ubicado en una quinta planta con ascensor en una excelente finca regia del Eixample izquierdo, en la calle Londres cerca de la Avenida Josep Tarradellas y de la Plaza Francesc Maci\u00e0. Azotea comunitaria. Wifi incluido.<\/p>\n<div id=\"dades\">\n<div id=\"serveis\">\n<h5>Datos<\/h5>\n<ul>\n<li>Planta:<strong> 5\u00aa<\/strong><\/li>\n<li>Capacidad m\u00e1xima:<strong> 4 personas<\/strong><\/li>\n<li>Habitaciones:<strong> 2<\/strong>s<\/li>\n<li>Ba\u00f1os:<strong> 2<\/strong><\/li>\n<li>Cocina equipada:<strong> si<\/strong><\/li>\n<li>Ascensor:<strong> si<\/strong><\/li>\n<li>Caja fuerte:<strong> no<\/strong><\/li>\n<li>AC \/ Calefacci\u00f3n:<strong> si<\/strong><\/li>\n<li>Internet \/ Tel\u00e9fono:<strong> si\/no<\/strong><\/li>\n<li>Estancia m\u00ednima: 6 meses<\/li>\n<\/ul>\n<p><img loading=\"lazy\" width=\"30\" height=\"30\" class=\"iconosserveis\" title=\"capacidad\" alt=\"capacidad\" src=\"wp-content\/images\/yootheme\/iconos\/4.jpg\"><img loading=\"lazy\" width=\"30\" height=\"30\" class=\"iconosserveis\" title=\"ascensor\" alt=\"ascensor\" src=\"wp-content\/images\/yootheme\/iconos\/ascensor.jpg\"><img loading=\"lazy\" width=\"30\" height=\"30\" class=\"iconosserveis\" title=\"no fumar\" alt=\"no fumar\" src=\"wp-content\/images\/yootheme\/iconos\/no-fumar.jpg\"><img loading=\"lazy\" width=\"30\" height=\"30\" class=\"iconosserveis\" title=\"tv\" alt=\"tv\" src=\"wp-content\/images\/yootheme\/iconos\/tv.jpg\"><img loading=\"lazy\" width=\"30\" height=\"30\" class=\"iconosserveis\" title=\"dvd\" alt=\"dvd\" src=\"wp-content\/images\/yootheme\/iconos\/dvd.jpg\"><img loading=\"lazy\" width=\"30\" height=\"30\" class=\"iconosserveis\" title=\"musica\" alt=\"musica\" src=\"wp-content\/images\/yootheme\/iconos\/musica.jpg\"><img loading=\"lazy\" width=\"30\" height=\"30\" class=\"iconosserveis\" title=\"internet\" alt=\"internet\" src=\"wp-content\/images\/yootheme\/iconos\/internet.jpg\"><img loading=\"lazy\" width=\"30\" height=\"30\" class=\"iconosserveis\" title=\"ac\" alt=\"ac\" src=\"wp-content\/images\/yootheme\/iconos\/ac.jpg\"><img loading=\"lazy\" width=\"30\" height=\"30\" class=\"iconosserveis\" title=\"lavadora\" alt=\"lavadora\" src=\"wp-content\/images\/yootheme\/iconos\/lavadora.jpg\"><img loading=\"lazy\" width=\"30\" height=\"30\" class=\"iconosserveis\" title=\"telefono\" alt=\"telefono\" src=\"wp-content\/images\/yootheme\/iconos\/telefono.jpg\"><img loading=\"lazy\" width=\"30\" height=\"30\" class=\"iconosserveis\" title=\"no mascotas\" alt=\"no mascotas\" src=\"wp-content\/images\/yootheme\/iconos\/no-mascotas.jpg\"><\/p>\n<\/div>\n<div id=\"preus\">\n<h5>Cerca de&#8230;<\/h5>\n<ul>\n<li>Plaza Francesc Maci\u00e0<\/li>\n<li>Hospital Cl\u00ednico<\/li>\n<li>Cl\u00ednica Sagrado Coraz\u00f3n<\/li>\n<li>estaci\u00f3n de Sants<\/li>\n<\/ul>\n<div id=\"reservar\"><a href=\"reservar.html?action=c_1&amp;hotel_id=393&amp;guide_id=101\">reservar<\/a><\/div>\n<div id=\"reservar\"><a href=\"@\">contactar<\/a><\/div>\n<p>&nbsp;<\/p>\n<\/div>\n<\/div>\n<div id=\"dades2\">\n<div id=\"serveis\">\n<h5>Localizaci\u00f3n<\/h5>\n<p><iframe loading=\"lazy\" src=\"https:\/\/www.google.com\/maps\/embed?pb=!1m18!1m12!1m3!1d3559.640728409376!2d2.144318505858899!3d41.38952698704709!2m3!1f0!2f0!3f0!3m2!1i1024!2i768!4f13.1!3m3!1m2!1s0x12a4a2829b07906b%3A0x191a879e611a8ea0!2sCalle+Londres%2C+19%2C+08029+Barcelona!5e0!3m2!1ses!2ses!4v1438624949508\" width=\"350\" height=\"250\" frameborder=\"0\" style=\"border:0\" allowfullscreen><\/iframe><br \/>\n<small><a style=\"color: #0000ff; text-align: left;\" href=\"http:\/\/maps.google.es\/maps?hl=es&amp;ie=UTF8&amp;=Carrer+de+Londres,+19,+08029+Barcelona&amp;ll=41.389527,2.1443185&amp;spn=0.004025,0.007489&amp;z=16&amp;source=embed\" target=\"_blank\" rel=\"noopener noreferrer\">[+] m\u00e1s<\/a><\/small><\/p>\n<\/div>\n<div id=\"preus\">\n<h5>Contacto<\/h5>\n<div role=\"form\" class=\"wpcf7\" id=\"wpcf7-f2026-o1\" lang=\"en-US\" dir=\"ltr\">\n<div class=\"screen-reader-response\"><p role=\"status\" aria-live=\"polite\" aria-atomic=\"true\"><\/p> <ul><\/ul><\/div>\n<form action=\"\/index.php?rest_route=%2Fwp%2Fv2%2Fpages%2F1722#wpcf7-f2026-o1\" method=\"post\" class=\"wpcf7-form init\" novalidate=\"novalidate\" data-status=\"init\">\n<div style=\"display: none;\">\n<input type=\"hidden\" name=\"_wpcf7\" value=\"2026\" \/>\n<input type=\"hidden\" name=\"_wpcf7_version\" value=\"5.6.3\" \/>\n<input type=\"hidden\" name=\"_wpcf7_locale\" value=\"en_US\" \/>\n<input type=\"hidden\" name=\"_wpcf7_unit_tag\" value=\"wpcf7-f2026-o1\" \/>\n<input type=\"hidden\" name=\"_wpcf7_container_post\" value=\"0\" \/>\n<input type=\"hidden\" name=\"_wpcf7_posted_data_hash\" value=\"\" \/>\n<input type=\"hidden\" name=\"_wpcf7_recaptcha_response\" value=\"\" \/>\n<\/div>\n<p>Tu nombre (obligatorio)<br \/>\n    <span class=\"wpcf7-form-control-wrap\" data-name=\"your-name\"><input type=\"text\" name=\"your-name\" value=\"\" size=\"40\" class=\"wpcf7-form-control wpcf7-text wpcf7-validates-as-required\" aria-required=\"true\" aria-invalid=\"false\" \/><\/span> <\/p>\n<p>Tu email (obligatorio)<br \/>\n    <span class=\"wpcf7-form-control-wrap\" data-name=\"your-email\"><input type=\"email\" name=\"your-email\" value=\"\" size=\"40\" class=\"wpcf7-form-control wpcf7-text wpcf7-email wpcf7-validates-as-required wpcf7-validates-as-email\" aria-required=\"true\" aria-invalid=\"false\" \/><\/span> <\/p>\n<p>Tel\u00e9fono<br \/>\n    <span class=\"wpcf7-form-control-wrap\" data-name=\"your-phone\"><input type=\"text\" name=\"your-phone\" value=\"\" size=\"40\" class=\"wpcf7-form-control wpcf7-text\" aria-invalid=\"false\" \/><\/span> <\/p>\n<p>Tu mensaje<br \/>\n    <span class=\"wpcf7-form-control-wrap\" data-name=\"your-message\"><textarea name=\"your-message\" cols=\"40\" rows=\"10\" class=\"wpcf7-form-control wpcf7-textarea\" aria-invalid=\"false\"><\/textarea><\/span> <\/p>\n<p><span class=\"wpcf7-form-control-wrap\" data-name=\"your-consent\"><span class=\"wpcf7-form-control wpcf7-acceptance\"><span class=\"wpcf7-list-item\"><label><input type=\"checkbox\" name=\"your-consent\" value=\"1\" aria-invalid=\"false\" \/><span class=\"wpcf7-list-item-label\">He le\u00eddo y acepto la <a target=\"_blank\" href=\"https:\/\/arbarcelona.es\/?page_id=532&lang=es#rgpd-es\">Pol\u00edtica de Privacidad<\/a><\/span><\/label><\/span><\/span><\/span><\/p>\n<p><span class=\"wpcf7-form-control-wrap\" data-name=\"publicitat\"><span class=\"wpcf7-form-control wpcf7-checkbox\"><span class=\"wpcf7-list-item first last\"><input type=\"checkbox\" name=\"publicitat[]\" value=\"Acepto recibir publicidad o informaci\u00f3n promocional de OLIVIA APARTAMENTOS SL\" \/><span class=\"wpcf7-list-item-label\">Acepto recibir publicidad o informaci\u00f3n promocional de OLIVIA APARTAMENTOS SL<\/span><\/span><\/span><\/span><\/p>\n<p>[anr_nocaptcha g-recaptcha-response]<\/p>\n<p><input type=\"submit\" value=\"Enviar\" class=\"wpcf7-form-control has-spinner wpcf7-submit\" \/><\/p>\n<div class=\"wpcf7-response-output\" aria-hidden=\"true\"><\/div><\/form><\/div><\/div>\n<\/div>\n<\/div>\n<\/div>\n","protected":false},"excerpt":{"rendered":"<p>Descripci\u00f3n Piso con mucho encanto, luminoso, alegre y completamente renovado de 68m2. Nuevo a estrenar con las mejores calidades Dispone de dos habitaciones dobles una de ellas en suite. Uno de los ba\u00f1os dispone de ducha y el otro de ba\u00f1era (ambos con luz exterior). Cocina abierta y luminoso sal\u00f3n comedor. Suelos de parquet y [&hellip;]<\/p>\n","protected":false},"author":1,"featured_media":0,"parent":0,"menu_order":0,"comment_status":"open","ping_status":"closed","template":"","meta":{"_monsterinsights_skip_tracking":false,"_monsterinsights_sitenote_active":false,"_monsterinsights_sitenote_note":"","_monsterinsights_sitenote_category":0},"_links":{"self":[{"href":"https:\/\/arbarcelona.es\/index.php?rest_route=\/wp\/v2\/pages\/1722"}],"collection":[{"href":"https:\/\/arbarcelona.es\/index.php?rest_route=\/wp\/v2\/pages"}],"about":[{"href":"https:\/\/arbarcelona.es\/index.php?rest_route=\/wp\/v2\/types\/page"}],"author":[{"embeddable":true,"href":"https:\/\/arbarcelona.es\/index.php?rest_route=\/wp\/v2\/users\/1"}],"replies":[{"embeddable":true,"href":"https:\/\/arbarcelona.es\/index.php?rest_route=%2Fwp%2Fv2%2Fcomments&post=1722"}],"version-history":[{"count":21,"href":"https:\/\/arbarcelona.es\/index.php?rest_route=\/wp\/v2\/pages\/1722\/revisions"}],"predecessor-version":[{"id":2037,"href":"https:\/\/arbarcelona.es\/index.php?rest_route=\/wp\/v2\/pages\/1722\/revisions\/2037"}],"wp:attachment":[{"href":"https:\/\/arbarcelona.es\/index.php?rest_route=%2Fwp%2Fv2%2Fmedia&parent=1722"}],"curies":[{"name":"wp","href":"https:\/\/api.w.org\/{rel}","templated":true}]}}