{"id":207,"date":"2011-05-23T12:08:18","date_gmt":"2011-05-23T10:08:18","guid":{"rendered":"http:\/\/arbarcelona.es\/?page_id=207"},"modified":"2015-07-28T10:48:25","modified_gmt":"2015-07-28T08:48:25","slug":"2-habitaciones","status":"publish","type":"page","link":"https:\/\/arbarcelona.es\/?page_id=207&amp;lang=es","title":{"rendered":"2 habitaciones"},"content":{"rendered":"<div id=\"fitxa\">\n<div id=\"fitxa2\">\n<h1>Augusta<\/h1>\n<p><a href=\"?page_id=291\"><img loading=\"lazy\" src=\"wp-content\/uploads\/2010\/11\/augusta.jpg\" border=\"0\" alt=\"\" width=\"200\" height=\"130\" \/><\/a><\/p>\n<ul>\n<li>Planta 6\u00aa<\/li>\n<li>4 personas m\u00e1x.<\/li>\n<li>2 habitaciones<\/li>\n<li>2 ba\u00f1os<\/li>\n<li>Ascensor:si<\/li>\n<li>Caja fuerte: si<\/li>\n<li>Calefacci\u00f3n: si<\/li>\n<li>Internet: si<\/li>\n<li>Tel\u00e9fono: si<\/li>\n<li>Licencia tur\u00edstica: HUTB-000261-xx<\/li>\n<\/ul>\n<div class=\"linksfitxa\">Con vistas a Gala Placidia<a href=\"?page_id=291\">+ info<\/a><\/div>\n<\/div>\n<div id=\"fitxa2\">\n<h1>Gala<\/h1>\n<p><a href=\"?page_id=305\"><img loading=\"lazy\" src=\"wp-content\/uploads\/2010\/11\/gala.jpg\" border=\"0\" alt=\"\" width=\"200\" height=\"130\" \/><\/a><\/p>\n<ul>\n<li>Planta 6\u00aa<\/li>\n<li>4 personas m\u00e1x.<\/li>\n<li>2 habitaciones<\/li>\n<li>2 ba\u00f1os<\/li>\n<li>Ascensor: si<\/li>\n<li>Caja fuerte: no<\/li>\n<li>Calefacci\u00f3n: si<\/li>\n<li>Internet: si<\/li>\n<li>Tel\u00e9fono: no<\/li>\n<li>Licencia tur\u00edstica: HUTB-000259-83<\/li>\n<\/ul>\n<div class=\"linksfitxa\">A escasos pasos del barrio de Gracia<a href=\"?page_id=305\">+ info<\/a><\/div>\n<\/div>\n<div id=\"fitxa2\">\n<h1>Berl\u00edn<\/h1>\n<p><a href=\"?page_id=337\"><img loading=\"lazy\" src=\"wp-content\/uploads\/2010\/11\/berlin.jpg\" border=\"0\" alt=\"\" width=\"200\" height=\"130\" \/><\/a><\/p>\n<ul>\n<li>Planta entresuelo<\/li>\n<li>4 personas m\u00e1x.<\/li>\n<li>2 habitaciones<\/li>\n<li>1 ba\u00f1o<\/li>\n<li>Ascensor: si<\/li>\n<li>Caja fuerte: no<\/li>\n<li>Calefacci\u00f3n: si<\/li>\n<li>Internet: si<\/li>\n<li>Tel\u00e9fono: no<\/li>\n<li>Estancia m\u00ednima: 6 meses<\/li>\n<\/ul>\n<div class=\"linksfitxa\">Dise\u00f1o y comodidad<a href=\"?page_id=337\">+ info<\/a><\/div>\n<\/div>\n<\/div>\n","protected":false},"excerpt":{"rendered":"<p>Augusta Planta 6\u00aa 4 personas m\u00e1x. 2 habitaciones 2 ba\u00f1os Ascensor:si Caja fuerte: si Calefacci\u00f3n: si Internet: si Tel\u00e9fono: si Licencia tur\u00edstica: HUTB-000261-xx Con vistas a Gala Placidia+ info Gala Planta 6\u00aa 4 personas m\u00e1x. 2 habitaciones 2 ba\u00f1os Ascensor: si Caja fuerte: no Calefacci\u00f3n: si Internet: si Tel\u00e9fono: no Licencia tur\u00edstica: HUTB-000259-83 A escasos [&hellip;]<\/p>\n","protected":false},"author":1,"featured_media":0,"parent":0,"menu_order":0,"comment_status":"closed","ping_status":"closed","template":"","meta":{"_monsterinsights_skip_tracking":false,"_monsterinsights_sitenote_active":false,"_monsterinsights_sitenote_note":"","_monsterinsights_sitenote_category":0},"_links":{"self":[{"href":"https:\/\/arbarcelona.es\/index.php?rest_route=\/wp\/v2\/pages\/207"}],"collection":[{"href":"https:\/\/arbarcelona.es\/index.php?rest_route=\/wp\/v2\/pages"}],"about":[{"href":"https:\/\/arbarcelona.es\/index.php?rest_route=\/wp\/v2\/types\/page"}],"author":[{"embeddable":true,"href":"https:\/\/arbarcelona.es\/index.php?rest_route=\/wp\/v2\/users\/1"}],"replies":[{"embeddable":true,"href":"https:\/\/arbarcelona.es\/index.php?rest_route=%2Fwp%2Fv2%2Fcomments&post=207"}],"version-history":[{"count":17,"href":"https:\/\/arbarcelona.es\/index.php?rest_route=\/wp\/v2\/pages\/207\/revisions"}],"predecessor-version":[{"id":1721,"href":"https:\/\/arbarcelona.es\/index.php?rest_route=\/wp\/v2\/pages\/207\/revisions\/1721"}],"wp:attachment":[{"href":"https:\/\/arbarcelona.es\/index.php?rest_route=%2Fwp%2Fv2%2Fmedia&parent=207"}],"curies":[{"name":"wp","href":"https:\/\/api.w.org\/{rel}","templated":true}]}}