{"id":225,"date":"2011-05-23T14:08:49","date_gmt":"2011-05-23T12:08:49","guid":{"rendered":"http:\/\/arbarcelona.es\/?page_id=225"},"modified":"2011-07-05T09:34:31","modified_gmt":"2011-07-05T07:34:31","slug":"laberint","status":"publish","type":"page","link":"https:\/\/arbarcelona.es\/?page_id=225&amp;lang=es","title":{"rendered":"Laberint"},"content":{"rendered":"<div id=\"columnadreta\">\n<div id=\"contingut2\">\n<div>\n<ul id=\"galeria\">\n<li class=\"main\"><img loading=\"lazy\" src=\"wp-content\/uploads\/2010\/11\/laberint\/001.jpg\" border=\"0\" width=\"495\" height=\"355\" name=\"mainpic\" \/><\/li>\n<li><a href=\"javascript:doPic('wp-content\/uploads\/2010\/11\/laberint\/001.jpg');\"><img loading=\"lazy\" src=\"wp-content\/uploads\/2010\/11\/laberint\/001.jpg\" border=\"0\" width=\"100\" height=\"75\" \/><\/a><\/li>\n<li><a href=\"javascript:doPic('wp-content\/uploads\/2010\/11\/laberint\/002.jpg');\"><img loading=\"lazy\" src=\"wp-content\/uploads\/2010\/11\/laberint\/002.jpg\" border=\"0\" width=\"100\" height=\"75\" \/><\/a><\/li>\n<li><a href=\"javascript:doPic('wp-content\/uploads\/2010\/11\/laberint\/003.jpg');\"><img loading=\"lazy\" src=\"wp-content\/uploads\/2010\/11\/laberint\/003.jpg\" border=\"0\" width=\"100\" height=\"75\" \/><\/a><\/li>\n<li><a href=\"javascript:doPic('wp-content\/uploads\/2010\/11\/laberint\/004.jpg');\"><img loading=\"lazy\" src=\"wp-content\/uploads\/2010\/11\/laberint\/004.jpg\" border=\"0\" width=\"100\" height=\"75\" \/><\/a><\/li>\n<li><a href=\"javascript:doPic('wp-content\/uploads\/2010\/11\/laberint\/005.jpg');\"><img loading=\"lazy\" src=\"wp-content\/uploads\/2010\/11\/laberint\/005.jpg\" border=\"0\" width=\"100\" height=\"75\" \/><\/a><\/li>\n<li><a href=\"javascript:doPic('wp-content\/uploads\/2010\/11\/laberint\/006.jpg');\"><img loading=\"lazy\" src=\"wp-content\/uploads\/2010\/11\/laberint\/006.jpg\" border=\"0\" width=\"100\" height=\"75\" \/><\/a><\/li>\n<li><a href=\"javascript:doPic('wp-content\/uploads\/2010\/11\/laberint\/007.jpg');\"><img loading=\"lazy\" src=\"wp-content\/uploads\/2010\/11\/laberint\/007.jpg\" border=\"0\" width=\"100\" height=\"75\" \/><\/a><\/li>\n<li><a href=\"javascript:doPic('wp-content\/uploads\/2010\/11\/laberint\/008.jpg');\"><img loading=\"lazy\" src=\"wp-content\/uploads\/2010\/11\/laberint\/008.jpg\" border=\"0\" width=\"100\" height=\"75\" \/><\/a><\/li>\n<\/ul>\n<\/div>\n<h3>Descripci\u00f3n<\/h3>\n<p>Apartamento nuevo, muy luminoso y con mucho encanto. El sal\u00f3n-comedor es totalmente exterior y posee un acceso a balc\u00f3n donde pueden disfrutar de unas maravillosas vistas de la Plaza Prim, aprovechando al m\u00e1ximo la luz del d\u00eda en todo el piso. <\/p>\n<p>Dispone de un amplio sal\u00f3n comedor, con sof\u00e1 y sof\u00e1 cama doble muy c\u00f3modo, televisi\u00f3n, conexi\u00f3n a internet de alta velocidad, mesa de comedor y 4 sillas. La cocina est\u00e1 totalmente equipada con horno, microondas, lavadora, secadora, cafetera, tostadora, plancha, mesa de planchar y todos los \u00fatiles de cocina, vajilla y cristaler\u00eda. El dormitorio se amuebla en funci\u00f3n de sus preferencias, con cama de matrimonio o con dos camas individuales y dispone de 4 armarios. Ba\u00f1o completo con ba\u00f1era. Tambi\u00e9n cuenta con un sistema de refrigeraci\u00f3n y calefacci\u00f3n en todo el piso pudiendo disfrutar en todo momento de la temperatura que usted desee, el edificio est\u00e1 equipado con ascensor. <\/p>\n<p>Se encuentra ubicado en el barrio de Poblenou, un barrio tradicional de Barcelona, antiguamente de pescadores, que mantiene el encanto original. El apartamento est\u00e1 en una peque\u00f1a plaza muy tranquila, a pocos metros del centro del barrio, de la playa, del mercado y del supermercado. La estaci\u00f3n de metro m\u00e1s cercana es la de Poblenou (L\u00ednea amarilla L4) que se encuentra tan s\u00f3lo a 4 calles. La plaza Catalu\u00f1a, centro de la ciudad, se encuentra a menos de 10 minutos en metro desde el apartamento.<\/p>\n<div id=\"dades\">\n<div id=\"serveis\">\n<h5>Datos<\/h5>\n<ul>\n<li>Planta:<strong> 4<\/strong><\/li>\n<li>Capacidad m\u00e1xima:<strong> 4 personas<\/strong><\/li>\n<li>Habitaciones:<strong> 1 doble<\/strong><\/li>\n<li>Sof\u00e1 cama:<strong> si<\/strong><\/li>\n<li>Ba\u00f1os:<strong> 1<\/strong><\/li>\n<li>Cocina equipada:<strong> Si<\/strong><\/li>\n<li>Ascensor:<strong> si<\/strong><\/li>\n<li>Caja fuerte:<strong> si<\/strong><\/li>\n<li>AC \/ Calefacci\u00f3n:<strong> si<\/strong><\/li>\n<li>Internet \/ Tel\u00e9fono:<strong> si<\/strong><\/li>\n<\/ul>\n<p><img loading=\"lazy\" src=\"wp-content\/images\/yootheme\/iconos\/2.jpg\" alt=\"capacidad\" title=\"capacidad\" width=\"30\" height=\"30\" class=\"iconosserveis\"><img loading=\"lazy\" src=\"wp-content\/images\/yootheme\/iconos\/ascensor.jpg\" alt=\"ascensor\" title=\"ascensor\" width=\"30\" height=\"30\" class=\"iconosserveis\"><img loading=\"lazy\" src=\"wp-content\/images\/yootheme\/iconos\/no-fumar.jpg\" alt=\"no fumar\" title=\"no fumar\" width=\"30\" height=\"30\" class=\"iconosserveis\"><img loading=\"lazy\" src=\"wp-content\/images\/yootheme\/iconos\/tv.jpg\" alt=\"tv\" title=\"tv\" width=\"30\" height=\"30\" class=\"iconosserveis\"><img loading=\"lazy\" src=\"wp-content\/images\/yootheme\/iconos\/dvd.jpg\" alt=\"dvd\" title=\"dvd\" width=\"30\" height=\"30\" class=\"iconosserveis\"><img loading=\"lazy\" src=\"wp-content\/images\/yootheme\/iconos\/musica.jpg\" alt=\"musica\" title=\"musica\" width=\"30\" height=\"30\" class=\"iconosserveis\"><img loading=\"lazy\" src=\"wp-content\/images\/yootheme\/iconos\/internet.jpg\" alt=\"internet\" title=\"internet\" width=\"30\" height=\"30\" class=\"iconosserveis\"><img loading=\"lazy\" src=\"wp-content\/images\/yootheme\/iconos\/ac.jpg\" alt=\"ac\" title=\"ac\" width=\"30\" height=\"30\" class=\"iconosserveis\"><img loading=\"lazy\" src=\"wp-content\/images\/yootheme\/iconos\/lavadora.jpg\" alt=\"lavadora\" title=\"lavadora\" width=\"30\" height=\"30\" class=\"iconosserveis\"><img loading=\"lazy\" src=\"wp-content\/images\/yootheme\/iconos\/telefono.jpg\" alt=\"telefono\" title=\"telefono\" width=\"30\" height=\"30\" class=\"iconosserveis\"><img loading=\"lazy\" src=\"wp-content\/images\/yootheme\/iconos\/no-mascotas.jpg\" alt=\"no mascotas\" title=\"no mascotas\" width=\"30\" height=\"30\" class=\"iconosserveis\"><\/p>\n<\/p><\/div>\n<div id=\"preus\">\n<h5>Cerca de&#8230;<\/h5>\n<ul>\n<li> Playa     <\/li>\n<li>Hotel Arts Barcelona     <\/li>\n<li>Forum <\/li>\n<\/ul>\n<div id=\"reservar\"><a href=\"reservar.html?action=c_1&#038;hotel_id=393&#038;guide_id=101\">reservar<\/a><\/div>\n<div id=\"reservar\"><a href=\"@\">contactar<\/a><\/div>\n<p>&nbsp;<\/p>\n<div id=\"info\"><\/div>\n<\/div><\/div>\n<div id=\"dades2\">\n<div id=\"serveis\">\n<h5>Localizaci\u00f3n<\/h5>\n<p><\/p>\n<p>            <script language=\"JavaScript\" type=\"text\/javascript\">\n\t\tvar paramsForBA='action=map&hotel_id=401&guide_id=101&service_model=2&user_language=es&ca=center&dw=540&cb=FFFFFF&tabs=no';\n\t\tvar destinationURL='http:\/\/www.bookassist.com\/conduit\/bookassist.do';\n\t\tif(location.search) {\n\t\t\tparamsForBA = location.search + '&' + paramsForBA;\n\t\t} else {\n\t\t\tparamsForBA = '?' + paramsForBA;\n\t\t}\n\t\tparamsForBA = paramsForBA + '&bp=' + escape(top.location.href);\n\t\tdestinationURL = destinationURL +  paramsForBA;\n\t\tdocument.write('<iframe loading=\"lazy\" src=\"'+ destinationURL + '\" width=\"350\" height=\"250\" align=\"center\" scrolling=\"no\" frameborder=\"0\"><\/iframe>');\n\t\t<\/script><\/p>\n<\/div>\n<div id=\"preus\">\n<h5>Contacto<\/h5>\n[contact-form-7 404 \"No encontrado\"]<\/div>\n<\/p><\/div>\n<\/p><\/div>\n<\/p><\/div>\n","protected":false},"excerpt":{"rendered":"<p>Descripci\u00f3n Apartamento nuevo, muy luminoso y con mucho encanto. El sal\u00f3n-comedor es totalmente exterior y posee un acceso a balc\u00f3n donde pueden disfrutar de unas maravillosas vistas de la Plaza Prim, aprovechando al m\u00e1ximo la luz del d\u00eda en todo el piso. Dispone de un amplio sal\u00f3n comedor, con sof\u00e1 y sof\u00e1 cama doble muy [&hellip;]<\/p>\n","protected":false},"author":1,"featured_media":0,"parent":0,"menu_order":0,"comment_status":"closed","ping_status":"closed","template":"","meta":{"_monsterinsights_skip_tracking":false,"_monsterinsights_sitenote_active":false,"_monsterinsights_sitenote_note":"","_monsterinsights_sitenote_category":0},"_links":{"self":[{"href":"https:\/\/arbarcelona.es\/index.php?rest_route=\/wp\/v2\/pages\/225"}],"collection":[{"href":"https:\/\/arbarcelona.es\/index.php?rest_route=\/wp\/v2\/pages"}],"about":[{"href":"https:\/\/arbarcelona.es\/index.php?rest_route=\/wp\/v2\/types\/page"}],"author":[{"embeddable":true,"href":"https:\/\/arbarcelona.es\/index.php?rest_route=\/wp\/v2\/users\/1"}],"replies":[{"embeddable":true,"href":"https:\/\/arbarcelona.es\/index.php?rest_route=%2Fwp%2Fv2%2Fcomments&post=225"}],"version-history":[{"count":9,"href":"https:\/\/arbarcelona.es\/index.php?rest_route=\/wp\/v2\/pages\/225\/revisions"}],"predecessor-version":[{"id":406,"href":"https:\/\/arbarcelona.es\/index.php?rest_route=\/wp\/v2\/pages\/225\/revisions\/406"}],"wp:attachment":[{"href":"https:\/\/arbarcelona.es\/index.php?rest_route=%2Fwp%2Fv2%2Fmedia&parent=225"}],"curies":[{"name":"wp","href":"https:\/\/api.w.org\/{rel}","templated":true}]}}