{"id":319,"date":"2011-06-01T11:29:52","date_gmt":"2011-06-01T09:29:52","guid":{"rendered":"http:\/\/arbarcelona.es\/?page_id=319"},"modified":"2019-09-26T09:59:38","modified_gmt":"2019-09-26T07:59:38","slug":"chocolate","status":"publish","type":"page","link":"https:\/\/arbarcelona.es\/?page_id=319&amp;lang=es","title":{"rendered":"Llibertat"},"content":{"rendered":"\n<div id=\"columnadreta\">\n<div id=\"contingut2\">\n<div>\n<ul id=\"galeria\">\n<li class=\"main\"><img loading=\"lazy\" src=\"wp-content\/uploads\/2010\/11\/llibertat\/001.jpg\" border=\"0\" width=\"495\" height=\"355\" name=\"mainpic\" \/><\/li>\n<li><a href=\"javascript:doPic('wp-content\/uploads\/2010\/11\/llibertat\/001.jpg');\"><img loading=\"lazy\" src=\"wp-content\/uploads\/2010\/11\/llibertat\/001.jpg\" border=\"0\" width=\"100\" height=\"75\" \/><\/a><\/li>\n<li><a href=\"javascript:doPic('wp-content\/uploads\/2010\/11\/llibertat\/002.jpg');\"><img loading=\"lazy\" src=\"wp-content\/uploads\/2010\/11\/llibertat\/002.jpg\" border=\"0\" width=\"100\" height=\"75\" \/><\/a><\/li>\n<li><a href=\"javascript:doPic('wp-content\/uploads\/2010\/11\/llibertat\/003.jpg');\"><img loading=\"lazy\" src=\"wp-content\/uploads\/2010\/11\/llibertat\/003.jpg\" border=\"0\" width=\"100\" height=\"75\" \/><\/a><\/li>\n<li><a href=\"javascript:doPic('wp-content\/uploads\/2010\/11\/llibertat\/004.jpg');\"><img loading=\"lazy\" src=\"wp-content\/uploads\/2010\/11\/llibertat\/004.jpg\" border=\"0\" width=\"100\" height=\"75\" \/><\/a><\/li>\n<li><a href=\"javascript:doPic('wp-content\/uploads\/2010\/11\/llibertat\/005.jpg');\"><img loading=\"lazy\" src=\"wp-content\/uploads\/2010\/11\/llibertat\/005.jpg\" border=\"0\" width=\"100\" height=\"75\" \/><\/a><\/li>\n<li><a href=\"javascript:doPic('wp-content\/uploads\/2010\/11\/llibertat\/006.jpg');\"><img loading=\"lazy\" src=\"wp-content\/uploads\/2010\/11\/llibertat\/006.jpg\" border=\"0\" width=\"100\" height=\"75\" \/><\/a><\/li>\n<li><a href=\"javascript:doPic('wp-content\/uploads\/2010\/11\/llibertat\/007.jpg');\"><img loading=\"lazy\" src=\"wp-content\/uploads\/2010\/11\/llibertat\/007.jpg\" border=\"0\" width=\"100\" height=\"75\" \/><\/a><\/li>\n<li><a href=\"javascript:doPic('wp-content\/uploads\/2010\/11\/llibertat\/008.jpg');\"><img loading=\"lazy\" src=\"wp-content\/uploads\/2010\/11\/llibertat\/008.jpg\" border=\"0\" width=\"100\" height=\"75\" \/><\/a><\/li>\n<\/ul>\n<\/div>\n<h3>Descripci\u00f3n<\/h3>\n<p>&nbsp;<\/p>\n<div id=\"dades\">\n<div id=\"serveis\">\n<h5>Datos<\/h5>\n<ul>\n<li>Planta:<strong> baja duplex<\/strong><\/li>\n<li>Capacidad m\u00e1xima:<strong> 4 personas<\/strong><\/li>\n<li>Habitaciones:<strong> 2 dobles<\/strong><\/li>\n<li>Sof\u00e1 cama:<strong> no<\/strong><\/li>\n<li>Ba\u00f1os:<strong> 2<\/strong><\/li>\n<li>Cocina equipada:<strong> si<\/strong><\/li>\n<li>Ascensor:<strong> si<\/strong><\/li>\n<li>Caja fuerte:<strong> no<\/strong><\/li>\n<li>AC \/ Calefacci\u00f3n:<strong> si<\/strong><\/li>\n<li>Internet \/ Tel\u00e9fono:<strong> si \/ no<\/strong><\/li>\n<li>Estancia m\u00ednima: 6 meses<\/li>\n<\/ul>\n<p><img loading=\"lazy\" src=\"wp-content\/images\/yootheme\/iconos\/4.jpg\" alt=\"capacidad\" title=\"capacidad\" width=\"30\" height=\"30\" class=\"iconosserveis\"><img loading=\"lazy\" src=\"wp-content\/images\/yootheme\/iconos\/ascensor.jpg\" alt=\"ascensor\" title=\"ascensor\" width=\"30\" height=\"30\" class=\"iconosserveis\"><img loading=\"lazy\" src=\"wp-content\/images\/yootheme\/iconos\/no-fumar.jpg\" alt=\"no fumar\" title=\"no fumar\" width=\"30\" height=\"30\" class=\"iconosserveis\"><img loading=\"lazy\" src=\"wp-content\/images\/yootheme\/iconos\/tv.jpg\" alt=\"tv\" title=\"tv\" width=\"30\" height=\"30\" class=\"iconosserveis\"><img loading=\"lazy\" src=\"wp-content\/images\/yootheme\/iconos\/dvd.jpg\" alt=\"dvd\" title=\"dvd\" width=\"30\" height=\"30\" class=\"iconosserveis\"><img loading=\"lazy\" src=\"wp-content\/images\/yootheme\/iconos\/musica.jpg\" alt=\"musica\" title=\"musica\" width=\"30\" height=\"30\" class=\"iconosserveis\"><img loading=\"lazy\" src=\"wp-content\/images\/yootheme\/iconos\/internet.jpg\" alt=\"internet\" title=\"internet\" width=\"30\" height=\"30\" class=\"iconosserveis\"><img loading=\"lazy\" src=\"wp-content\/images\/yootheme\/iconos\/ac.jpg\" alt=\"ac\" title=\"ac\" width=\"30\" height=\"30\" class=\"iconosserveis\"><img loading=\"lazy\" src=\"wp-content\/images\/yootheme\/iconos\/lavadora.jpg\" alt=\"lavadora\" title=\"lavadora\" width=\"30\" height=\"30\" class=\"iconosserveis\"><img loading=\"lazy\" src=\"wp-content\/images\/yootheme\/iconos\/telefono.jpg\" alt=\"telefono\" title=\"telefono\" width=\"30\" height=\"30\" class=\"iconosserveis\"><img loading=\"lazy\" src=\"wp-content\/images\/yootheme\/iconos\/no-mascotas.jpg\" alt=\"no mascotas\" title=\"no mascotas\" width=\"30\" height=\"30\" class=\"iconosserveis\"><\/p>\n<\/p><\/div>\n<div id=\"preus\">\n<h5>Cerca de&#8230;<\/h5>\n<ul>\n<li>Paseo de Gracia<\/li>\n<li>Casa Batll&oacute;<\/li>\n<li>La Pedrera<\/li>\n<li>Gaud&iacute; Art<\/li>\n<li>Plaza Catalu&ntilde;a<\/li>\n<li>EADA<\/li>\n<\/ul>\n<div id=\"info\"><\/div>\n<\/div><\/div>\n<div id=\"dades2\">\n<div id=\"serveis\">\n<h5>Localizaci\u00f3n<\/h5>\n<p>\n<iframe loading=\"lazy\" width=\"355\" height=\"250\" frameborder=\"0\" scrolling=\"no\" marginheight=\"0\" marginwidth=\"0\" src=\"http:\/\/maps.google.es\/maps?f=q&amp;source=s_q&amp;hl=es&amp;geocode=&amp;q=carrer+de+llibertat+barcelona&amp;aq=&amp;sll=41.603375,1.918982&amp;sspn=0.006651,0.016512&amp;ie=UTF8&amp;hq=&amp;hnear=Carrer+de+la+Llibertat,+08012+Barcelona,+Catalunya&amp;t=m&amp;ll=41.400055,2.161646&amp;spn=0.016096,0.030384&amp;z=14&amp;iwloc=A&amp;output=embed\"><\/iframe><br \/><small><a href=\"http:\/\/maps.google.es\/maps?f=q&amp;source=embed&amp;hl=es&amp;geocode=&amp;q=carrer+de+llibertat+barcelona&amp;aq=&amp;sll=41.603375,1.918982&amp;sspn=0.006651,0.016512&amp;ie=UTF8&amp;hq=&amp;hnear=Carrer+de+la+Llibertat,+08012+Barcelona,+Catalunya&amp;t=m&amp;ll=41.400055,2.161646&amp;spn=0.016096,0.030384&amp;z=14&amp;iwloc=A\" style=\"color:#0000FF;text-align:left\">[+] m&aacute;s<\/a><\/small><\/p>\n<\/div>\n<div id=\"preus\">\n<h5>Contacto<\/h5>\n<div role=\"form\" class=\"wpcf7\" id=\"wpcf7-f2026-o1\" lang=\"en-US\" dir=\"ltr\">\n<div class=\"screen-reader-response\"><p role=\"status\" aria-live=\"polite\" aria-atomic=\"true\"><\/p> <ul><\/ul><\/div>\n<form action=\"\/index.php?rest_route=%2Fwp%2Fv2%2Fpages%2F319#wpcf7-f2026-o1\" method=\"post\" class=\"wpcf7-form init\" novalidate=\"novalidate\" data-status=\"init\">\n<div style=\"display: none;\">\n<input type=\"hidden\" name=\"_wpcf7\" value=\"2026\" \/>\n<input type=\"hidden\" name=\"_wpcf7_version\" value=\"5.6.3\" \/>\n<input type=\"hidden\" name=\"_wpcf7_locale\" value=\"en_US\" \/>\n<input type=\"hidden\" name=\"_wpcf7_unit_tag\" value=\"wpcf7-f2026-o1\" \/>\n<input type=\"hidden\" name=\"_wpcf7_container_post\" value=\"0\" \/>\n<input type=\"hidden\" name=\"_wpcf7_posted_data_hash\" value=\"\" \/>\n<input type=\"hidden\" name=\"_wpcf7_recaptcha_response\" value=\"\" \/>\n<\/div>\n<p>Tu nombre (obligatorio)<br \/>\n    <span class=\"wpcf7-form-control-wrap\" data-name=\"your-name\"><input type=\"text\" name=\"your-name\" value=\"\" size=\"40\" class=\"wpcf7-form-control wpcf7-text wpcf7-validates-as-required\" aria-required=\"true\" aria-invalid=\"false\" \/><\/span> <\/p>\n<p>Tu email (obligatorio)<br \/>\n    <span class=\"wpcf7-form-control-wrap\" data-name=\"your-email\"><input type=\"email\" name=\"your-email\" value=\"\" size=\"40\" class=\"wpcf7-form-control wpcf7-text wpcf7-email wpcf7-validates-as-required wpcf7-validates-as-email\" aria-required=\"true\" aria-invalid=\"false\" \/><\/span> <\/p>\n<p>Tel\u00e9fono<br \/>\n    <span class=\"wpcf7-form-control-wrap\" data-name=\"your-phone\"><input type=\"text\" name=\"your-phone\" value=\"\" size=\"40\" class=\"wpcf7-form-control wpcf7-text\" aria-invalid=\"false\" \/><\/span> <\/p>\n<p>Tu mensaje<br \/>\n    <span class=\"wpcf7-form-control-wrap\" data-name=\"your-message\"><textarea name=\"your-message\" cols=\"40\" rows=\"10\" class=\"wpcf7-form-control wpcf7-textarea\" aria-invalid=\"false\"><\/textarea><\/span> <\/p>\n<p><span class=\"wpcf7-form-control-wrap\" data-name=\"your-consent\"><span class=\"wpcf7-form-control wpcf7-acceptance\"><span class=\"wpcf7-list-item\"><label><input type=\"checkbox\" name=\"your-consent\" value=\"1\" aria-invalid=\"false\" \/><span class=\"wpcf7-list-item-label\">He le\u00eddo y acepto la <a target=\"_blank\" href=\"https:\/\/arbarcelona.es\/?page_id=532&lang=es#rgpd-es\">Pol\u00edtica de Privacidad<\/a><\/span><\/label><\/span><\/span><\/span><\/p>\n<p><span class=\"wpcf7-form-control-wrap\" data-name=\"publicitat\"><span class=\"wpcf7-form-control wpcf7-checkbox\"><span class=\"wpcf7-list-item first last\"><input type=\"checkbox\" name=\"publicitat[]\" value=\"Acepto recibir publicidad o informaci\u00f3n promocional de OLIVIA APARTAMENTOS SL\" \/><span class=\"wpcf7-list-item-label\">Acepto recibir publicidad o informaci\u00f3n promocional de OLIVIA APARTAMENTOS SL<\/span><\/span><\/span><\/span><\/p>\n<p>[anr_nocaptcha g-recaptcha-response]<\/p>\n<p><input type=\"submit\" value=\"Enviar\" class=\"wpcf7-form-control has-spinner wpcf7-submit\" \/><\/p>\n<div class=\"wpcf7-response-output\" aria-hidden=\"true\"><\/div><\/form><\/div><\/div>\n<\/p><\/div>\n<\/p><\/div>\n<\/p><\/div>\n","protected":false},"excerpt":{"rendered":"<p>Descripci\u00f3n &nbsp; Datos Planta: baja duplex Capacidad m\u00e1xima: 4 personas Habitaciones: 2 dobles Sof\u00e1 cama: no Ba\u00f1os: 2 Cocina equipada: si Ascensor: si Caja fuerte: no AC \/ Calefacci\u00f3n: si Internet \/ Tel\u00e9fono: si \/ no Estancia m\u00ednima: 6 meses Cerca de&#8230; Paseo de Gracia Casa Batll&oacute; La Pedrera Gaud&iacute; Art Plaza Catalu&ntilde;a EADA Localizaci\u00f3n [&hellip;]<\/p>\n","protected":false},"author":1,"featured_media":0,"parent":0,"menu_order":0,"comment_status":"closed","ping_status":"closed","template":"","meta":{"_monsterinsights_skip_tracking":false,"_monsterinsights_sitenote_active":false,"_monsterinsights_sitenote_note":"","_monsterinsights_sitenote_category":0},"_links":{"self":[{"href":"https:\/\/arbarcelona.es\/index.php?rest_route=\/wp\/v2\/pages\/319"}],"collection":[{"href":"https:\/\/arbarcelona.es\/index.php?rest_route=\/wp\/v2\/pages"}],"about":[{"href":"https:\/\/arbarcelona.es\/index.php?rest_route=\/wp\/v2\/types\/page"}],"author":[{"embeddable":true,"href":"https:\/\/arbarcelona.es\/index.php?rest_route=\/wp\/v2\/users\/1"}],"replies":[{"embeddable":true,"href":"https:\/\/arbarcelona.es\/index.php?rest_route=%2Fwp%2Fv2%2Fcomments&post=319"}],"version-history":[{"count":14,"href":"https:\/\/arbarcelona.es\/index.php?rest_route=\/wp\/v2\/pages\/319\/revisions"}],"predecessor-version":[{"id":2046,"href":"https:\/\/arbarcelona.es\/index.php?rest_route=\/wp\/v2\/pages\/319\/revisions\/2046"}],"wp:attachment":[{"href":"https:\/\/arbarcelona.es\/index.php?rest_route=%2Fwp%2Fv2%2Fmedia&parent=319"}],"curies":[{"name":"wp","href":"https:\/\/api.w.org\/{rel}","templated":true}]}}