{"id":532,"date":"2011-10-03T11:26:04","date_gmt":"2011-10-03T09:26:04","guid":{"rendered":"http:\/\/arbarcelona.es\/?page_id=532"},"modified":"2019-09-25T16:09:14","modified_gmt":"2019-09-25T14:09:14","slug":"aviso-legal","status":"publish","type":"page","link":"https:\/\/arbarcelona.es\/?page_id=532&amp;lang=es","title":{"rendered":"Aviso legal"},"content":{"rendered":"<h3>I. Datos generales<\/h3>\n<p style=\"text-align: left;\">En cumplimiento de la Ley 34\/2002, de 11 de julio, de Servicios de la Sociedad de la Informaci\u00f3n y de Comercio Electr\u00f3nico (LSSI-CE), OLIVIA APARTAMENTOS SL informa que es titular del sitio web WWW.ARBARCELONA.ES. De acuerdo con la exigencia del art\u00edculo 10 de la citada Ley, OLIVIA APARTAMENTOS SL informa de los siguientes datos:<\/p>\n<p style=\"text-align: left;\">El titular de este sitio web es OLIVIA APARTAMENTOS SL, con CIF B64773898 y domicilio social en PLAZA GALA PLACIDIA 13 08006, BARCELONA, inscrita en el Registro Mercantil, en el tomo 40238, folio 177, hoja B360392 e inscripci\u00f3n 1a. La direcci\u00f3n de correo electr\u00f3nico de contacto con la empresa es: info@arbarcelona.es.<\/p>\n<h3>Usuario y r\u00e9gimen de responsabilidades<\/h3>\n<p style=\"text-align: left;\">La navegaci\u00f3n, acceso y uso por el sitio web de OLIVIA APARTAMENTOS SL confiere la condici\u00f3n de usuario, por la que se aceptan, desde la navegaci\u00f3n por el sitio web de OLIVIA APARTAMENTOS SL, todas las condiciones de uso aqu\u00ed establecidas sin perjuicio de la aplicaci\u00f3n de la correspondiente normativa de obligado cumplimiento legal seg\u00fan el caso.<\/p>\n<p style=\"text-align: left;\">El sitio web de OLIVIA APARTAMENTOS SL proporciona gran diversidad de informaci\u00f3n, servicios y datos. El usuario asume su responsabilidad en el uso correcto del sitio web. Esta responsabilidad se extender\u00e1 a:<\/p>\n<ul>\n<li style=\"text-align: left;\">La veracidad y licitud de las informaciones aportadas por el usuario en los formularios<br \/>\nextendidos por OLIVIA APARTAMENTOS SL para el acceso a ciertos contenidos o servicios<br \/>\nofrecidos por el web.<\/li>\n<li style=\"text-align: left;\">El uso de la informaci\u00f3n, servicios y datos ofrecidos por OLIVIA APARTAMENTOS SL<br \/>\ncontrariamente a lo dispuesto por las presentes condiciones, la Ley, la moral, las buenas<br \/>\ncostumbres o el orden p\u00fablico, o que de cualquier otro modo puedan suponer lesi\u00f3n de los<br \/>\nderechos de terceros o del mismo funcionamiento del sitio web.<\/li>\n<\/ul>\n<h3>Pol\u00edtica de enlaces y exenciones de responsabilidad<\/h3>\n<p style=\"text-align: left;\">OLIVIA APARTAMENTOS SL no se hace responsable del contenido de los sitios web a los que el usuario pueda acceder a trav\u00e9s de los enlaces establecidos en su sitio web y declara que en ning\u00fan caso proceder\u00e1 a examinar o ejercitar ning\u00fan tipo de control sobre el contenido de otros sitios de la red. Asimismo, tampoco garantizar\u00e1 la disponibilidad t\u00e9cnica, exactitud, veracidad, validez o legalidad de sitios ajenos a su propiedad a los que se pueda acceder por medio de los enlaces.<\/p>\n<p style=\"text-align: left;\">OLIVIA APARTAMENTOS SL declara haber adoptado todas las medidas necesarias para evitar cualquier da\u00f1o a los usuarios de su sitio web, que pudieran derivarse de la navegaci\u00f3n por su sitio web. En consecuencia, OLIVIA APARTAMENTOS SL no se hace responsable, en ning\u00fan caso, de los eventuales da\u00f1os que por la navegaci\u00f3n por Internet pudiera sufrir el usuario.<\/p>\n<h3>Modificaciones<\/h3>\n<p style=\"text-align: left;\">OLIVIA APARTAMENTOS SL se reserva el derecho a realizar las modificaciones que considere oportunas, sin aviso previo, en el contenido de su sitio web. Tanto en lo referente a los contenidos del sitio web, como en las condiciones de uso del mismo.<\/p>\n<p style=\"text-align: left;\">Dichas modificaciones podr\u00e1n realizarse a trav\u00e9s de su sitio web por cualquier forma admisible en derecho y ser\u00e1n de obligado cumplimiento durante el tiempo en que se encuentren publicadas en la web y hasta que no sean modificadas v\u00e1lidamente por otras posteriores.<\/p>\n<h3 id=\"rgpd-es\">Protecci\u00f3n de datos<\/h3>\n<p style=\"text-align: left;\">De conformidad con lo establecido en la normativa vigente en Protecci\u00f3n de Datos de Car\u00e1cter Personal, le informamos que sus datos ser\u00e1n incorporados al sistema de tratamiento titularidad de OLIVIA APARTAMENTOS SL con CIF B64773898 y domicilio social sito en PLAZA GALA PLACIDIA 13 08006, BARCELONA, con la finalidad de poder facilitar, agilizar y cumplir los compromisos establecidos entre ambas partes. En cumplimiento con la normativa vigente, OLIVIA APARTAMENTOS SL informa que los datos ser\u00e1n conservados durante el plazo estrictamente necesario para cumplir con los preceptos mencionados con anterioridad.<\/p>\n<p style=\"text-align: left;\">Le informamos que el tratamiento de sus datos est\u00e1 legitimado por su consentimiento.<\/p>\n<p style=\"text-align: left;\">OLIVIA APARTAMENTOS SL informa que proceder\u00e1 a tratar los datos de manera l\u00edcita, leal, transparente, adecuada, pertinente, limitada, exacta y actualizada. Es por ello que OLIVIA APARTAMENTOS SL se compromete a adoptar todas las medidas razonables para que estos se supriman o rectifiquen sin dilaci\u00f3n cuando sean inexactos.<\/p>\n<p style=\"text-align: left;\">De acuerdo con los derechos que le confiere el la normativa vigente en protecci\u00f3n de datos podr\u00e1 ejercer los derechos de acceso, rectificaci\u00f3n, limitaci\u00f3n de tratamiento, supresi\u00f3n, portabilidad y oposici\u00f3n al tratamiento de sus datos de car\u00e1cter personal as\u00ed como del consentimiento prestado para el tratamiento de los mismos, dirigiendo su petici\u00f3n a la direcci\u00f3n postal indicada m\u00e1s arriba o al correo electr\u00f3nico info@arbarcelona.es.<\/p>\n<p style=\"text-align: left;\">Podr\u00e1 dirigirse a la Autoridad de Control competente para presentar la reclamaci\u00f3n que considere oportuna.<\/p>\n<h3>\nCertificado SSL (Secure Sockets Layer)<\/h3>\n<p style=\"text-align: left;\">El CERTIFICADO SSL proporciona autenticaci\u00f3n, privacidad y seguridad de la informaci\u00f3n entre OLIVIA APARTAMENTOS SL y el usuario.<\/p>\n<p style=\"text-align: left;\">OLIVIA APARTAMENTOS SL dispone de un certificado de seguridad que se utiliza por CERTIFICADO SSL para realizar conexiones seguras.<\/p>\n<p style=\"text-align: left;\">En este proceso se establecen varios par\u00e1metros para realizar la conexi\u00f3n de forma segura y se establece usando llaves preestablecidas, codificando y descodificando todos los datos enviados hasta que la conexi\u00f3n sea cerrada.<\/p>\n<h3>Propiedad intelectual e industrial<\/h3>\n<p style=\"text-align: left;\">OLIVIA APARTAMENTOS SL por s\u00ed misma o como cesionaria, es titular de todos los derechos de propiedad intelectual e industrial de su p\u00e1gina web, as\u00ed como de los elementos contenidos en la misma (a t\u00edtulo enunciativo, im\u00e1genes, sonido, audio, v\u00eddeo, software o textos; marcas o logotipos, combinaciones de colores, estructura y dise\u00f1o, selecci\u00f3n de materiales usados, programas de ordenador necesarios para su funcionamiento, acceso y uso, etc.), titularidad de OLIVIA APARTAMENTOS SL. Ser\u00e1n, por consiguiente, obras protegidas como propiedad intelectual por el ordenamiento jur\u00eddico espa\u00f1ol, si\u00e9ndoles aplicables tanto la normativa espa\u00f1ola y comunitaria en este campo, como los tratados internacionales relativos a la materia y suscritos por Espa\u00f1a.<\/p>\n<p style=\"text-align: left;\">Todos los derechos reservados. En virtud de lo dispuesto en la Ley de Propiedad Intelectual, quedan expresamente prohibidas la reproducci\u00f3n, la distribuci\u00f3n y la comunicaci\u00f3n p\u00fablica, incluida su modalidad de puesta a disposici\u00f3n, de la totalidad o parte de los contenidos de esta p\u00e1gina web, con fines comerciales, en cualquier soporte y por cualquier medio t\u00e9cnico, sin la autorizaci\u00f3n de OLIVIA APARTAMENTOS SL.<\/p>\n<p style=\"text-align: left;\">El usuario se compromete a respetar los derechos de Propiedad Intelectual e Industrial titularidad de OLIVIA APARTAMENTOS SL. Podr\u00e1 visualizar los elementos del portal e incluso imprimirlos, copiarlos y almacenarlos en el disco duro de su ordenador o en cualquier otro soporte f\u00edsico siempre y cuando sea, \u00fanica y exclusivamente, para su uso personal y privado. El usuario deber\u00e1 abstenerse de suprimir, alterar, eludir o manipular cualquier dispositivo de protecci\u00f3n o sistema de seguridad que estuviera instalado en las p\u00e1ginas de OLIVIA APARTAMENTOS SL.<\/p>\n<h3>Acciones legales, legislaci\u00f3n aplicable y jurisdicci\u00f3n<\/h3>\n<p style=\"text-align: left;\">OLIVIA APARTAMENTOS SL se reserva, asimismo, la facultad de presentar las acciones civiles o penales que considere oportunas por la utilizaci\u00f3n indebida de su sitio web y contenidos, o por el incumplimiento de las presentes condiciones.<\/p>\n<p style=\"text-align: left;\">La relaci\u00f3n entre el usuario y el prestador se regir\u00e1 por la normativa vigente y de aplicaci\u00f3n en el territorio espa\u00f1ol. De surgir cualquier controversia las partes podr\u00e1n someter sus conflictos a arbitraje o acudir a la jurisdicci\u00f3n ordinaria cumpliendo con las normas sobre jurisdicci\u00f3n y competencia al respecto. OLIVIA APARTAMENTOS SL tiene su domicilio en BARCELONA, Espa\u00f1a.<\/p>\n","protected":false},"excerpt":{"rendered":"<p>I. Datos generales En cumplimiento de la Ley 34\/2002, de 11 de julio, de Servicios de la Sociedad de la Informaci\u00f3n y de Comercio Electr\u00f3nico (LSSI-CE), OLIVIA APARTAMENTOS SL informa que es titular del sitio web WWW.ARBARCELONA.ES. De acuerdo con la exigencia del art\u00edculo 10 de la citada Ley, OLIVIA APARTAMENTOS SL informa de los [&hellip;]<\/p>\n","protected":false},"author":1,"featured_media":0,"parent":0,"menu_order":0,"comment_status":"closed","ping_status":"closed","template":"","meta":{"_monsterinsights_skip_tracking":false,"_monsterinsights_sitenote_active":false,"_monsterinsights_sitenote_note":"","_monsterinsights_sitenote_category":0},"_links":{"self":[{"href":"https:\/\/arbarcelona.es\/index.php?rest_route=\/wp\/v2\/pages\/532"}],"collection":[{"href":"https:\/\/arbarcelona.es\/index.php?rest_route=\/wp\/v2\/pages"}],"about":[{"href":"https:\/\/arbarcelona.es\/index.php?rest_route=\/wp\/v2\/types\/page"}],"author":[{"embeddable":true,"href":"https:\/\/arbarcelona.es\/index.php?rest_route=\/wp\/v2\/users\/1"}],"replies":[{"embeddable":true,"href":"https:\/\/arbarcelona.es\/index.php?rest_route=%2Fwp%2Fv2%2Fcomments&post=532"}],"version-history":[{"count":8,"href":"https:\/\/arbarcelona.es\/index.php?rest_route=\/wp\/v2\/pages\/532\/revisions"}],"predecessor-version":[{"id":2023,"href":"https:\/\/arbarcelona.es\/index.php?rest_route=\/wp\/v2\/pages\/532\/revisions\/2023"}],"wp:attachment":[{"href":"https:\/\/arbarcelona.es\/index.php?rest_route=%2Fwp%2Fv2%2Fmedia&parent=532"}],"curies":[{"name":"wp","href":"https:\/\/api.w.org\/{rel}","templated":true}]}}