{"id":539,"date":"2011-10-03T12:21:42","date_gmt":"2011-10-03T10:21:42","guid":{"rendered":"http:\/\/arbarcelona.es\/?page_id=539"},"modified":"2024-10-31T21:06:59","modified_gmt":"2024-10-31T19:06:59","slug":"quienes-somos","status":"publish","type":"page","link":"https:\/\/arbarcelona.es\/?page_id=539&amp;lang=es","title":{"rendered":"Qui\u00e9nes somos"},"content":{"rendered":"<h3>Nuestra Empresa<\/h3>\n<p><a href=\"http:\/\/arbarcelona.es\">ARbarcelona<\/a> -estancias personalizadas- ofrece alquiler temporal de apartamentos para d\u00edas, semanas y meses. No \u00fanicamente te ofrecemos un apartamento de forma temporal sin\u00f3 que te ofrecemos una experiencia personalizada durante toda  la estancia. Consulta nuestros servicios y si hay algo m\u00e1s que podamos hacer por ti, s\u00f3lo tienes que pedirlo. <\/p>\n<p>Nuestro objetivo es hacerte la vida m\u00e1s f\u00e1cil, para que puedas concentrarte en el motivo que te ha tra\u00eddo hasta aqu\u00ed, sea \u00e9ste profesional, m\u00e9dico o de turismo.<\/p>\n<p>Nos avala una experiencia de m\u00e1s de 15 a\u00f1os en el sector de la hosteler\u00eda de lujo que nos ha ayudado a entender e identificar las necesidades espec\u00edficas de los clientes y a poder anticiparnos a ellas.<\/p>\n<p>La clave de nuestro \u00e9xito se basa en nuestra profesionalidad, compromiso, flexibilidad y atenci\u00f3n al detalle. <\/p>\n","protected":false},"excerpt":{"rendered":"<p>Nuestra Empresa ARbarcelona -estancias personalizadas- ofrece alquiler temporal de apartamentos para d\u00edas, semanas y meses. No \u00fanicamente te ofrecemos un apartamento de forma temporal sin\u00f3 que te ofrecemos una experiencia personalizada durante toda la estancia. Consulta nuestros servicios y si hay algo m\u00e1s que podamos hacer por ti, s\u00f3lo tienes que pedirlo. Nuestro objetivo es [&hellip;]<\/p>\n","protected":false},"author":1,"featured_media":0,"parent":0,"menu_order":0,"comment_status":"closed","ping_status":"closed","template":"","meta":{"_monsterinsights_skip_tracking":false,"_monsterinsights_sitenote_active":false,"_monsterinsights_sitenote_note":"","_monsterinsights_sitenote_category":0},"_links":{"self":[{"href":"https:\/\/arbarcelona.es\/index.php?rest_route=\/wp\/v2\/pages\/539"}],"collection":[{"href":"https:\/\/arbarcelona.es\/index.php?rest_route=\/wp\/v2\/pages"}],"about":[{"href":"https:\/\/arbarcelona.es\/index.php?rest_route=\/wp\/v2\/types\/page"}],"author":[{"embeddable":true,"href":"https:\/\/arbarcelona.es\/index.php?rest_route=\/wp\/v2\/users\/1"}],"replies":[{"embeddable":true,"href":"https:\/\/arbarcelona.es\/index.php?rest_route=%2Fwp%2Fv2%2Fcomments&post=539"}],"version-history":[{"count":11,"href":"https:\/\/arbarcelona.es\/index.php?rest_route=\/wp\/v2\/pages\/539\/revisions"}],"predecessor-version":[{"id":2150,"href":"https:\/\/arbarcelona.es\/index.php?rest_route=\/wp\/v2\/pages\/539\/revisions\/2150"}],"wp:attachment":[{"href":"https:\/\/arbarcelona.es\/index.php?rest_route=%2Fwp%2Fv2%2Fmedia&parent=539"}],"curies":[{"name":"wp","href":"https:\/\/api.w.org\/{rel}","templated":true}]}}